{"id":970,"date":"2022-10-20T17:52:24","date_gmt":"2022-10-20T17:52:24","guid":{"rendered":"https:\/\/olt.gov.on.ca\/fr\/?page_id=970"},"modified":"2024-02-22T15:05:08","modified_gmt":"2024-02-22T15:05:08","slug":"le-tribunal-ontarien-de-lamenagement-du-territoire","status":"publish","type":"page","link":"https:\/\/olt.gov.on.ca\/fr\/le-tribunal-ontarien-de-lamenagement-du-territoire\/","title":{"rendered":"<p style=\"font-size: 40px; color: #44546B;\">Le Tribunal ontarien de l\u2019am\u00e9nagement du territoire<\/p>"},"content":{"rendered":"<p>Le Tribunal ontarien de l\u2019am\u00e9nagement du territoire entend et tranche les appels et les questions portant sur l\u2019am\u00e9nagement du territoire, la protection de l\u2019environnement, des caract\u00e9ristiques naturelles et du patrimoine, l\u2019\u00e9valuation fonci\u00e8re, l\u2019indemnisation fonci\u00e8re, les finances municipales et d\u2019autres questions connexes.<\/p>\n<p>Le Tribunal ontarien de l\u2019am\u00e9nagement du territoire a \u00e9t\u00e9 constitu\u00e9 le 1<sup>er<\/sup>\u00a0juin 2021 en application de\u00a0<a href=\"https:\/\/www.ontario.ca\/fr\/lois\/loi\/21o04#BK4\" target=\"_blank\" rel=\"noopener\"><em>l\u2019article 2 de la\u00a0<span style=\"text-decoration: underline;\"><strong>Loi de 2021 sur le Tribunal ontarien de l\u2019am\u00e9nagement du territoire<\/strong><\/span><\/em><\/a>. La Loi fusionne la commission de n\u00e9gociation, maintenue en vertu de la\u00a0<em>Loi sur l\u2019expropriation<\/em>, la Commission des biens culturels, le Tribunal de l\u2019environnement, le Tribunal d\u2019appel de l\u2019am\u00e9nagement local et le Tribunal des mines et des terres, et les proroge en un seul et m\u00eame tribunal, appel\u00e9 Tribunal ontarien de l\u2019am\u00e9nagement du territoire.<\/p>\n<p>Le Tribunal ontarien de l\u2019am\u00e9nagement du territoire et tous ceux qui y travaillent s\u2019engagent \u00e0 assurer l\u2019acc\u00e8s \u00e0 la justice et la prestation de d\u00e9cisions de haute qualit\u00e9, ind\u00e9pendantes, rapides, justes et fond\u00e9es sur des principes pour r\u00e9gler les affaires qui sont port\u00e9es devant le Tribunal.<\/p>\n<p><strong>Mandat<\/strong><\/p>\n<p>Conform\u00e9ment \u00e0 la\u00a0<strong><u><a href=\"https:\/\/www.ontario.ca\/fr\/lois\/loi\/21o04\" target=\"_blank\" rel=\"noopener\"><em>Loi de 2021 sur le tribunal ontarien de l\u2019am\u00e9nagement du territoire<\/em><\/a><\/u><\/strong>, le Tribunal ontarien de l\u2019am\u00e9nagement du territoire (le Tribunal) r\u00e8gle de fa\u00e7on \u00e9quitable et efficace des diff\u00e9rends portant sur l\u2019am\u00e9nagement du territoire, la protection de l\u2019environnement, des caract\u00e9ristiques naturelles et du patrimoine, de l\u2019\u00e9valuation fonci\u00e8re, l\u2019indemnisation fonci\u00e8re, les finances municipales et d\u2019autres questions connexes.<\/p>\n<p><strong>Mission<\/strong><\/p>\n<p>Nous offrons des services de r\u00e8glement des diff\u00e9rends modernes, \u00e9quitables, adapt\u00e9s, accessibles, efficaces et efficients, dans l\u2019int\u00e9r\u00eat public et pour maintenir des collectivit\u00e9s fortes et saines.<\/p>\n<p>&nbsp;<\/p>\n","protected":false},"excerpt":{"rendered":"<p>Le Tribunal ontarien de l\u2019am\u00e9nagement du territoire entend et tranche les appels et les questions portant sur l\u2019am\u00e9nagement du territoire, la protection de l\u2019environnement, des caract\u00e9ristiques naturelles et du patrimoine, l\u2019\u00e9valuation fonci\u00e8re, l\u2019indemnisation fonci\u00e8re, les finances municipales et d\u2019autres questions connexes. Le Tribunal ontarien de l\u2019am\u00e9nagement du territoire a \u00e9t\u00e9 constitu\u00e9 le 1er\u00a0juin 2021 en [&hellip;]<\/p>\n","protected":false},"author":5,"featured_media":0,"parent":0,"menu_order":0,"comment_status":"closed","ping_status":"closed","template":"templates\/template-decisions.php","meta":{"footnotes":"","_links_to":"","_links_to_target":""},"class_list":["post-970","page","type-page","status-publish","hentry"],"acf":[],"_links":{"self":[{"href":"https:\/\/olt.gov.on.ca\/fr\/wp-json\/wp\/v2\/pages\/970","targetHints":{"allow":["GET"]}}],"collection":[{"href":"https:\/\/olt.gov.on.ca\/fr\/wp-json\/wp\/v2\/pages"}],"about":[{"href":"https:\/\/olt.gov.on.ca\/fr\/wp-json\/wp\/v2\/types\/page"}],"author":[{"embeddable":true,"href":"https:\/\/olt.gov.on.ca\/fr\/wp-json\/wp\/v2\/users\/5"}],"replies":[{"embeddable":true,"href":"https:\/\/olt.gov.on.ca\/fr\/wp-json\/wp\/v2\/comments?post=970"}],"version-history":[{"count":13,"href":"https:\/\/olt.gov.on.ca\/fr\/wp-json\/wp\/v2\/pages\/970\/revisions"}],"predecessor-version":[{"id":2717,"href":"https:\/\/olt.gov.on.ca\/fr\/wp-json\/wp\/v2\/pages\/970\/revisions\/2717"}],"wp:attachment":[{"href":"https:\/\/olt.gov.on.ca\/fr\/wp-json\/wp\/v2\/media?parent=970"}],"curies":[{"name":"wp","href":"https:\/\/api.w.org\/{rel}","templated":true}]}}