{"id":966,"date":"2022-10-20T17:22:49","date_gmt":"2022-10-20T17:22:49","guid":{"rendered":"https:\/\/olt.gov.on.ca\/fr\/?page_id=966"},"modified":"2025-03-14T18:53:18","modified_gmt":"2025-03-14T18:53:18","slug":"service-de-courriel-securise","status":"publish","type":"page","link":"https:\/\/olt.gov.on.ca\/fr\/service-de-courriel-securise\/","title":{"rendered":"Service de courriel s\u00e9curis\u00e9"},"content":{"rendered":"<p>Vous pouvez maintenant soumettre vos documents au Tribunal ontarien de l\u2019am\u00e9nagement du territoire (TOAT) en utilisant notre Service de courriel s\u00e9curis\u00e9. <strong>Vous devez vous inscrire \u00e0 l\u2019aide du formulaire ci-dessous et attendre d\u2019avoir re\u00e7u votre NIP pour utiliser le service.<\/strong><\/p>\n<p><strong>Note:<\/strong> L\u2019utilisation de ce service est\u00a0<strong>facultative<\/strong>.Vous pouvez encore soumettre vos documents au TOAT en suivant les processus \u00e9tablis par les anciens tribunaux, notamment en les soumettant par la poste ou par courriel, \u00e0\u00a0<strong><a style=\"font-style: inherit; font-weight: inherit;\" href=\"mailto:OLT.Registrar@ontario.ca\">OLT.Registrar@ontario.ca<\/a><\/strong>\u00a0(vous pouvez aussi fournir des liens pour acc\u00e9der aux documents via une plateforme de stockage infonuagique).<\/p>\n<p>Pour en savoir plus sur la soumission de documents au TOAT, visitez notre page \u00ab\u00a0<a href=\"\/fr\/soumettre-des-documents\/\"><strong>Soumettre des documents<\/strong><\/a>\u00a0\u00bb.<\/p>\n","protected":false},"excerpt":{"rendered":"<p>Vous pouvez maintenant soumettre vos documents au Tribunal ontarien de l\u2019am\u00e9nagement du territoire (TOAT) en utilisant notre Service de courriel s\u00e9curis\u00e9. Vous devez vous inscrire \u00e0 l\u2019aide du formulaire ci-dessous et attendre d\u2019avoir re\u00e7u votre NIP pour utiliser le service. Note: L\u2019utilisation de ce service est\u00a0facultative.Vous pouvez encore soumettre vos documents au TOAT en suivant [&hellip;]<\/p>\n","protected":false},"author":5,"featured_media":0,"parent":0,"menu_order":0,"comment_status":"closed","ping_status":"closed","template":"templates\/template-faq.php","meta":{"footnotes":"","_links_to":"","_links_to_target":""},"class_list":["post-966","page","type-page","status-publish","hentry"],"acf":[],"_links":{"self":[{"href":"https:\/\/olt.gov.on.ca\/fr\/wp-json\/wp\/v2\/pages\/966","targetHints":{"allow":["GET"]}}],"collection":[{"href":"https:\/\/olt.gov.on.ca\/fr\/wp-json\/wp\/v2\/pages"}],"about":[{"href":"https:\/\/olt.gov.on.ca\/fr\/wp-json\/wp\/v2\/types\/page"}],"author":[{"embeddable":true,"href":"https:\/\/olt.gov.on.ca\/fr\/wp-json\/wp\/v2\/users\/5"}],"replies":[{"embeddable":true,"href":"https:\/\/olt.gov.on.ca\/fr\/wp-json\/wp\/v2\/comments?post=966"}],"version-history":[{"count":51,"href":"https:\/\/olt.gov.on.ca\/fr\/wp-json\/wp\/v2\/pages\/966\/revisions"}],"predecessor-version":[{"id":3293,"href":"https:\/\/olt.gov.on.ca\/fr\/wp-json\/wp\/v2\/pages\/966\/revisions\/3293"}],"wp:attachment":[{"href":"https:\/\/olt.gov.on.ca\/fr\/wp-json\/wp\/v2\/media?parent=966"}],"curies":[{"name":"wp","href":"https:\/\/api.w.org\/{rel}","templated":true}]}}