{"id":956,"date":"2022-10-20T15:04:14","date_gmt":"2022-10-20T15:04:14","guid":{"rendered":"https:\/\/olt.gov.on.ca\/fr\/?page_id=956"},"modified":"2026-04-02T19:05:22","modified_gmt":"2026-04-02T19:05:22","slug":"statut-du-dossier","status":"publish","type":"page","link":"https:\/\/olt.gov.on.ca\/fr\/statut-du-dossier\/","title":{"rendered":"Statut du dossier"},"content":{"rendered":"<p>Visitez notre\u00a0<span style=\"text-decoration: underline;\"><a href=\"https:\/\/jus-olt-prod.powerappsportals.com\/fr-FR\/e-status\/\" target=\"_blank\" rel=\"noopener\"><strong>service sur le statut du dossier<\/strong><\/a><\/span>\u00a0pour trouver de l\u2019information sur les dossiers en cours et r\u00e9cemment ferm\u00e9s, y compris les audiences \u00e0 venir (avec avis d\u2019audience) et les d\u00e9cisions rendues.<\/p>\n<p>Vous pouvez faire une recherche de dossier en fonction de\u00a0:<\/p>\n<ul>\n<li>Adresse de la propri\u00e9t\u00e9<\/li>\n<li>Municipalit\u00e9<\/li>\n<li>L\u00e9gislation (Loi, article)<\/li>\n<li>Num\u00e9ro de dossier principal du TOAT<\/li>\n<li>Num\u00e9ro de dossier connexe du TOAT<\/li>\n<li>Le num\u00e9ro de r\u00e9f\u00e9rence de l\u2019autorit\u00e9 municipale ou approbatrice<\/li>\n<\/ul>\n<p>Veuillez noter que vous ne pouvez pas rechercher des dossiers \u00e0 l\u2019aide du num\u00e9ro d\u2019identification du dossier d\u2019appel \u00e9lectronique. Lorsque vous effectuez une recherche, veuillez utiliser le num\u00e9ro de dossier du TOAT ou le num\u00e9ro de r\u00e9f\u00e9rence fourni par l\u2019autorit\u00e9 approbatrice.<\/p>\n<p>Si vous cherchez un appel venant d\u2019\u00eatre d\u00e9pos\u00e9, veuillez noter que, selon le type d\u2019appel, il peut avoir \u00e9t\u00e9 d\u00e9pos\u00e9 directement aupr\u00e8s de la municipalit\u00e9 ou d\u2019une autre autorit\u00e9 approbatrice (la loi indique o\u00f9 un appel doit \u00eatre d\u00e9pos\u00e9). Le dossier sera visible sur le service sur le statut du dossier une fois que l\u2019appel aura \u00e9t\u00e9 re\u00e7u et trait\u00e9 par le Tribunal ontarien de l\u2019am\u00e9nagement du territoire, ce qui peut prendre plusieurs semaines.<\/p>\n<p>Vous pouvez trier l\u2019information par ordre alphab\u00e9tique ou chronologique, selon le type de colonne, en cliquant sur n\u2019importe quel en-t\u00eate de colonne.<\/p>\n<p>Les renseignements sur le dossier demeureront dans le service sur le statut du dossier jusqu\u2019\u00e0 deux ans apr\u00e8s la fermeture d\u2019un dossier. Pour obtenir des renseignements sur les dossiers clos plus anciens, visitez notre page\u00a0<a href=\"https:\/\/olt.gov.on.ca\/fr\/decisions\/\"><strong><span style=\"text-decoration: underline;\">D\u00e9cisions<\/span><\/strong><\/a>.<\/p>\n<p>Si vous ne trouvez pas le dossier que vous cherchez, veuillez <span style=\"text-decoration: underline;\"><a href=\"https:\/\/olt.gov.on.ca\/fr\/contactez-nous\/\"><strong>nous contacter<\/strong><\/a><\/span>.<\/p>\n","protected":false},"excerpt":{"rendered":"<p>Visitez notre\u00a0service sur le statut du dossier\u00a0pour trouver de l\u2019information sur les dossiers en cours et r\u00e9cemment ferm\u00e9s, y compris les audiences \u00e0 venir (avec avis d\u2019audience) et les d\u00e9cisions rendues. Vous pouvez faire une recherche de dossier en fonction de\u00a0: Adresse de la propri\u00e9t\u00e9 Municipalit\u00e9 L\u00e9gislation (Loi, article) Num\u00e9ro de dossier principal du TOAT [&hellip;]<\/p>\n","protected":false},"author":5,"featured_media":0,"parent":0,"menu_order":1,"comment_status":"closed","ping_status":"closed","template":"templates\/template-full-width.php","meta":{"footnotes":"","_links_to":"","_links_to_target":""},"class_list":["post-956","page","type-page","status-publish","hentry"],"acf":[],"_links":{"self":[{"href":"https:\/\/olt.gov.on.ca\/fr\/wp-json\/wp\/v2\/pages\/956","targetHints":{"allow":["GET"]}}],"collection":[{"href":"https:\/\/olt.gov.on.ca\/fr\/wp-json\/wp\/v2\/pages"}],"about":[{"href":"https:\/\/olt.gov.on.ca\/fr\/wp-json\/wp\/v2\/types\/page"}],"author":[{"embeddable":true,"href":"https:\/\/olt.gov.on.ca\/fr\/wp-json\/wp\/v2\/users\/5"}],"replies":[{"embeddable":true,"href":"https:\/\/olt.gov.on.ca\/fr\/wp-json\/wp\/v2\/comments?post=956"}],"version-history":[{"count":19,"href":"https:\/\/olt.gov.on.ca\/fr\/wp-json\/wp\/v2\/pages\/956\/revisions"}],"predecessor-version":[{"id":3705,"href":"https:\/\/olt.gov.on.ca\/fr\/wp-json\/wp\/v2\/pages\/956\/revisions\/3705"}],"wp:attachment":[{"href":"https:\/\/olt.gov.on.ca\/fr\/wp-json\/wp\/v2\/media?parent=956"}],"curies":[{"name":"wp","href":"https:\/\/api.w.org\/{rel}","templated":true}]}}