{"id":789,"date":"2022-10-12T17:23:14","date_gmt":"2022-10-12T17:23:14","guid":{"rendered":"https:\/\/olt.gov.on.ca\/fr\/?page_id=789"},"modified":"2026-02-13T17:57:48","modified_gmt":"2026-02-13T17:57:48","slug":"audiences","status":"publish","type":"page","link":"https:\/\/olt.gov.on.ca\/fr\/audiences\/","title":{"rendered":"Audiences"},"content":{"rendered":"<h2>Types d\u2019audiences<\/h2>\n<p>Pour votre proc\u00e9dure judiciaire, le type d\u2019audience d\u00e9pendra de l\u2019objection, de l\u2019appel ou de la requ\u00eate que vous pr\u00e9sentez. Il y aura un processus formel pour d\u00e9terminer comment votre affaire sera entendue et comment les parties, les participants et les membres du public pourront prendre part ou assister \u00e0 l\u2019audience.<\/p>\n<h3>Audiences vid\u00e9o<\/h3>\n<p>Actuellement, la plupart des audiences se d\u00e9roulent virtuellement, par vid\u00e9oconf\u00e9rence, sauf si le Tribunal en d\u00e9cide autrement Si vous souhaitez demander une audience en personne, veuillez le faire par \u00e9crit le plus t\u00f4t possible aupr\u00e8s du coordinateur des cas d\u00e9sign\u00e9. Ces demandes seront trait\u00e9es au cas par cas.<\/p>\n<h3>Conf\u00e9rence de gestion de la cause<\/h3>\n<p>Les parties pourraient devoir participer \u00e0 une conf\u00e9rence de gestion de la cause (CGC) avant l\u2019audience, aux fins suivantes:<\/p>\n<ul>\n<li>Pour identifier d\u2019autres parties et participants \u00e0 l\u2019instance.<\/li>\n<li>Pour d\u00e9finir ou circonscrire les questions en litige.<\/li>\n<li>Pour d\u00e9terminer les faits ou les preuves dont les parties peuvent convenir ou au sujet desquels le Tribunal peut rendre une d\u00e9cision ex\u00e9cutoire.<\/li>\n<li>Pour obtenir des aveux susceptibles de faciliter l\u2019instruction de la cause, y compris au moyen d\u2019un interrogatoire par le Tribunal lors de la CGC.<\/li>\n<li>Pour donner des directives quant \u00e0 la divulgation de renseignements.<\/li>\n<li>Pour discuter des moyens possibles de r\u00e9gler une ou plusieurs des questions en litige, notamment la m\u00e9diation ou d\u2019autres processus de r\u00e8glement..<\/li>\n<li>Pour fixer les dates importantes de l\u2019instance, et pour d\u00e9terminer l\u2019ordre de pr\u00e9sentation des observations.<\/li>\n<li>Pour d\u00e9terminer le moment et la dur\u00e9e de l\u2019audience et le mode par lequel elle sera tenue.<\/li>\n<li>Pour traiter toute autre question dont la r\u00e9solution pourra faciliter le r\u00e8glement \u00e9quitable, juste et exp\u00e9ditif des litiges.<\/li>\n<\/ul>\n<p>Il convient de noter que c\u2019est \u00e0 l\u2019audience sur le fond que la preuve doit \u00eatre pr\u00e9sent\u00e9e, et non \u00e0 la CGC.<\/p>\n<p>Au terme de la CGC, le Tribunal rendra une ordonnance \u00e9tablissant la proc\u00e9dure \u00e0 suivre \u00e0 l\u2019audience, en vue d\u2019assurer le r\u00e8glement des litiges de la fa\u00e7on la plus \u00e9quitable, juste et rapide possible.<\/p>\n<p>On trouve de plus amples renseignements sur les conf\u00e9rences de gestion de la cause dans notre <a href=\"\/fr\/guides-et-videos\"><u><b>guide sur les audiences<\/b><\/u><\/a>.<\/p>\n<h3>M\u00e9diation<\/h3>\n<p>Les parties peuvent demander une proc\u00e9dure de m\u00e9diation pour r\u00e9gler une ou plusieurs questions en litige dans l\u2019affaire. Si la demande est accept\u00e9e, une date sera fix\u00e9e pour la tenue d\u2019une s\u00e9ance de m\u00e9diation. Si la m\u00e9diation m\u00e8ne au r\u00e8glement du diff\u00e9rend, elle sera suivie d\u2019une audience en vue d\u2019un r\u00e8glement. Dans le cas contraire, la cause sera instruite lors d\u2019une audience sur le fond.<\/p>\n<p>En savoir plus sur la <a title=\"m\u00e9diation\" href=\"\/fr\/mediation\/\"><u><b>m\u00e9diation<\/b><\/u><\/a>.<\/p>\n<h3>Audience<\/h3>\n<p>\u00c0 l\u2019audience, aussi appel\u00e9e \u00ab audience sur le fond \u00bb, vous devrez pr\u00e9senter votre cause. Vous aurez \u00e9galement la possibilit\u00e9 de contre-interroger la ou les personnes qui produisent des \u00e9l\u00e9ments de preuve pour l\u2019autre partie ou les autres parties.<\/p>\n<h5>Comment se d\u00e9roule une audience?<\/h5>\n<p><strong>\u00c9tape 1:<\/strong> Pr\u00e9sentation de la cause<\/p>\n<p>Vous et les autres parties pr\u00e9senterez chacun un court expos\u00e9 pr\u00e9liminaire sur la cause.<\/p>\n<p><strong>\u00c9tape 2:<\/strong> Interrogatoire principal<\/p>\n<p>Si vous \u00eates le requ\u00e9rant ou l\u2019appelant, c\u2019est normalement vous qui pr\u00e9senterez en premier, et vous commencerez par ce qu\u2019on appelle un \u00ab interrogatoire principal \u00bb de vous-m\u00eame et\/ou de vos t\u00e9moins. C\u2019est l\u2019occasion pour vous de pr\u00e9senter votre cause.<\/p>\n<p><strong>\u00c9tape 3:<\/strong> Contre-interrogatoire<\/p>\n<p>Apr\u00e8s votre interrogatoire principal, vous et\/ou vos t\u00e9moins serez \u00ab contre-interrog\u00e9s \u00bb par la partie adverse. Celle-ci pourrait vous poser des questions sur les litiges en cause.<\/p>\n<p><strong>\u00c9tape 4:<\/strong> R\u00e9interrogatoire<\/p>\n<p>Apr\u00e8s le contre-interrogatoire, la premi\u00e8re personne \u00e0 avoir pos\u00e9 des questions pourra en poser d\u2019autres pour obtenir des \u00e9claircissements.<\/p>\n<p>Chacune des autres parties r\u00e9p\u00e9tera le m\u00eame processus.<\/p>\n<p><strong>\u00c9tape 5:<\/strong> Plaidoyer final<\/p>\n<p>Pour terminer, chaque partie pr\u00e9sentera son \u00ab plaidoyer final \u00bb, soit un r\u00e9sum\u00e9 de sa cause, de ce qu\u2019elle a tent\u00e9 de prouver et de la d\u00e9cision qu\u2019elle esp\u00e8re du Tribunal.<\/p>\n<p>Tout au long du processus, le membre qui instruit l\u2019affaire pourra aussi poser des questions.<\/p>\n<p>Par ailleurs, il est important de suivre les directives que celui-ci pourrait donner. Vous \u00eates invit\u00e9 \u00e0 demander des \u00e9claircissements au besoin et \u00e0 r\u00e9pondre aux questions directement et clairement.<\/p>\n<p>Prenez note que vous pouvez vous repr\u00e9senter vous-m\u00eame \u00e0 l\u2019audience, ou encore vous faire repr\u00e9senter par un avocat ou un mandataire.<\/p>\n<p>On trouve de plus amples renseignements sur les audiences dans notre <a href=\"\/fr\/guides-et-videos\"><u><b>guide sur les audiences<\/b><\/u><\/a>.<\/p>\n<h3>Participer \u00e0 une audience<\/h3>\n<p>Dans certains cas, des personnes autres que l\u2019appelant et les parties ayant qualit\u00e9 de partie selon la loi peuvent avoir un int\u00e9r\u00eat dans l\u2019appel et demander le statut de partie ou de participant \u00e0 l\u2019instance. La personne qui demande l\u2019un ou l\u2019autre de ces statuts au Tribunal peut devoir remplir certaines conditions, selon ce que pr\u00e9voit la loi en vertu de laquelle l\u2019objection, la requ\u00eate ou l\u2019appel a \u00e9t\u00e9 pr\u00e9sent\u00e9.<\/p>\n<p>Pour en savoir plus sur le r\u00f4le et les obligations des parties et sur ce qui distingue une partie d\u2019un participant, consulter les <a href=\"\/fr\/legislation-et-regles\"><u><b>R\u00e8gles de pratique et de proc\u00e9dure<\/b><\/u><\/a> du Tribunal.<\/p>\n<p>On trouve de plus amples renseignements sur la participation \u00e0 une audience dans notre <a href=\"\/fr\/guides-et-videos\"><u><b>guide sur les audiences<\/b><\/u><\/a>.<\/p>\n<h3>Assister \u00e0 une audience<\/h3>\n<p>Les parties et leurs repr\u00e9sentants doivent \u00eatre pr\u00e9sents \u00e0 chaque audience tenue dans le cadre de l\u2019affaire. Les audiences, \u00e0 l\u2019exclusion des s\u00e9ances de m\u00e9diation, sont ouvertes au public, et toute personne peut y assister en tant qu\u2019observateur, \u00e0 moins que le ou les membres en d\u00e9cident autrement en application de l\u2019<a href=\"https:\/\/www.ontario.ca\/fr\/lois\/loi\/90s22#BK23\" target=\"_blank\" rel=\"noopener\"><u><b>article 9 de la Loi sur l\u2019exercice des comp\u00e9tences l\u00e9gales<\/b><\/u><\/a>.<\/p>\n<p>Pour obtenir de l\u2019information sur une audience \u00e0 venir, il est possible de rechercher la cause concern\u00e9e sur la page \u201c<a href=\"\/fr\/statut-du-dossier\"><u><b>Statut du dossier<\/b><\/u><\/a>\u201d.<\/p>\n<p>Veuillez noter que selon la disposition 22.5 des <a href=\"\/fr\/legislation-et-regles\"><u><b>R\u00e8gles de pratique et de proc\u00e9dure<\/b><\/u><\/a> du TOAT, il est interdit d\u2019enregistrer une audience, qu\u2019il s\u2019agisse d\u2019un enregistrement photographique, cin\u00e9matographique, sonore, vid\u00e9o ou autre, \u00e0 moins que le membre du Tribunal qui pr\u00e9side l\u2019audience ne l\u2019autorise. Une telle autorisation ne peut \u00eatre accord\u00e9e qu\u2019\u00e0 condition que l\u2019enregistrement ne soit ni distribu\u00e9 ni pr\u00e9sent\u00e9 au public. De plus, l\u2019enregistrement ne saurait constituer une transcription officielle de l\u2019audience ni \u00eatre utilis\u00e9 \u00e0 titre de r\u00e9f\u00e9rence dans une autre proc\u00e9dure. Aux termes de l\u2019article 29 de la <a href=\"https:\/\/www.ontario.ca\/fr\/lois\/loi\/90s22\" target=\"_blank\" rel=\"noopener\"><u><b>Loi sur l\u2019exercice des comp\u00e9tences l\u00e9gales<\/b><\/u><\/a>, les personnes qui enregistrent une audience du TOAT ou distribuent un tel enregistrement sans y \u00eatre autoris\u00e9es sont passibles d\u2019une amende pouvant atteindre 25 000 $.<\/p>\n<h3>Reporter une audience (ajournement)<\/h3>\n<p>Les parties \u00e0 une instance peuvent demander au Tribunal, sous r\u00e9serve de raisons l\u00e9gitimes, de reporter une audience ou d\u2019en modifier la date. C\u2019est ce qu\u2019on appelle un \u201cajournement\u201d.<\/p>\n<p>On trouve de plus amples renseignements sur le report d\u2019une audience dans notre <a href=\"\/fr\/guides-et-videos\"><u><b>guide sur les audiences<\/b><\/u><\/a>.<\/p>\n<p>&nbsp;<\/p>\n<h2>Documents d&rsquo;audience<\/h2>\n<p>Une partie, un participant ou un t\u00e9moin doit informer le Tribunal et les autres parties de son utilisation de l\u2019IA g\u00e9n\u00e9rative dans un document pr\u00e9par\u00e9 aux fins d\u2019une instance. Le premier paragraphe de chaque document dans lequel l\u2019IA a \u00e9t\u00e9 utilis\u00e9e pour cr\u00e9er ou g\u00e9n\u00e9rer du contenu doit contenir la d\u00e9claration suivante :<\/p>\n<p style=\"margin-left: 40px;\"><em>L\u2019intelligence artificielle (IA) a \u00e9t\u00e9 utilis\u00e9e pour g\u00e9n\u00e9rer du contenu dans ce document [aux paragraphes x \u00e0 y]. Tout le contenu g\u00e9n\u00e9r\u00e9 par l\u2019IA, ainsi que l\u2019authenticit\u00e9 de toutes les sources cit\u00e9es dans ce document, ont \u00e9t\u00e9 examin\u00e9s et v\u00e9rifi\u00e9s par [ins\u00e9rer le nom de la personne].<\/em><\/p>\n<p>Une d\u00e9claration n\u2019est attendue que lorsque l\u2019IA g\u00e9n\u00e9rative est utilis\u00e9e pour cr\u00e9er du contenu dans un document. Une d\u00e9claration n\u2019est pas requise si l\u2019IA a \u00e9t\u00e9 utilis\u00e9e simplement pour sugg\u00e9rer des modifications ou critiquer un contenu d\u00e9j\u00e0 cr\u00e9\u00e9 par un humain, qui a ensuite \u00e9tudi\u00e9 ces suggestions et apport\u00e9 manuellement les changements propos\u00e9s. Pour de plus amples renseignements, voir la <span style=\"text-decoration: underline;\"><strong><a href=\"https:\/\/olt.gov.on.ca\/fr\/legislation-et-regles\/\">Directive de pratique du Tribunal sur l\u2019utilisation de l\u2019IA<\/a>.<\/strong><\/span><\/p>\n<h3>Mod\u00e8le d\u2019ordonnance de nature proc\u00e9durale<\/h3>\n<p>Lorsqu\u2019une conf\u00e9rence de gestion de la cause est pr\u00e9vue, les parties doivent au pr\u00e9alable pr\u00e9parer une ordonnance de nature proc\u00e9durale et la soumettre \u00e0 l\u2019approbation du Tribunal. Ce document indique les \u00e9tapes de la proc\u00e9dure, comme les dates limites pour l\u2019\u00e9change et le d\u00e9p\u00f4t des documents \u00e0 divulguer et les dates d\u2019audience.<\/p>\n<p>On trouve un mod\u00e8le d\u2019ordonnance de nature proc\u00e9durale sur la page <a href=\"\/fr\/formulaires\"><u><b>Formulaires<\/b><\/u><\/a>.<\/p>\n<h3>Plan d\u2019audience<\/h3>\n<p>Un plan d\u2019audience est requis pour tous les types d\u2019appels pr\u00e9sent\u00e9s au Tribunal ontarien de l\u2019am\u00e9nagement du territoire qui n\u00e9cessitent quatre jours ou plus d\u2019audience. Ce plan, qui \u00e9tablit le d\u00e9roulement de l\u2019instance, permet au Tribunal de pr\u00e9voir assez de temps pour traiter l\u2019affaire.<\/p>\n<p>Il est recommand\u00e9 aux parties de se r\u00e9unir pour discuter du plan d\u2019audience avant de le soumettre au Tribunal. Celui-ci examinera le plan propos\u00e9 et communiquera avec les parties si des renseignements suppl\u00e9mentaires sont n\u00e9cessaires avant de l\u2019approuver.<\/p>\n<p>On trouve un mod\u00e8le de plan d\u2019audience sur la page <a href=\"\/fr\/audiences\/plan-daudience\/\"><u><b>Plan d\u2019audience<\/b><\/u><\/a>\u00a0du site Web du TOAT.<\/p>\n","protected":false},"excerpt":{"rendered":"<p>Types d\u2019audiences Pour votre proc\u00e9dure judiciaire, le type d\u2019audience d\u00e9pendra de l\u2019objection, de l\u2019appel ou de la requ\u00eate que vous pr\u00e9sentez. Il y aura un processus formel pour d\u00e9terminer comment votre affaire sera entendue et comment les parties, les participants et les membres du public pourront prendre part ou assister \u00e0 l\u2019audience. Audiences vid\u00e9o Actuellement, [&hellip;]<\/p>\n","protected":false},"author":5,"featured_media":0,"parent":0,"menu_order":0,"comment_status":"closed","ping_status":"closed","template":"templates\/template-full-width.php","meta":{"footnotes":"","_links_to":"","_links_to_target":""},"class_list":["post-789","page","type-page","status-publish","hentry"],"acf":[],"_links":{"self":[{"href":"https:\/\/olt.gov.on.ca\/fr\/wp-json\/wp\/v2\/pages\/789","targetHints":{"allow":["GET"]}}],"collection":[{"href":"https:\/\/olt.gov.on.ca\/fr\/wp-json\/wp\/v2\/pages"}],"about":[{"href":"https:\/\/olt.gov.on.ca\/fr\/wp-json\/wp\/v2\/types\/page"}],"author":[{"embeddable":true,"href":"https:\/\/olt.gov.on.ca\/fr\/wp-json\/wp\/v2\/users\/5"}],"replies":[{"embeddable":true,"href":"https:\/\/olt.gov.on.ca\/fr\/wp-json\/wp\/v2\/comments?post=789"}],"version-history":[{"count":57,"href":"https:\/\/olt.gov.on.ca\/fr\/wp-json\/wp\/v2\/pages\/789\/revisions"}],"predecessor-version":[{"id":3600,"href":"https:\/\/olt.gov.on.ca\/fr\/wp-json\/wp\/v2\/pages\/789\/revisions\/3600"}],"wp:attachment":[{"href":"https:\/\/olt.gov.on.ca\/fr\/wp-json\/wp\/v2\/media?parent=789"}],"curies":[{"name":"wp","href":"https:\/\/api.w.org\/{rel}","templated":true}]}}