{"id":2977,"date":"2024-05-23T14:29:12","date_gmt":"2024-05-23T14:29:12","guid":{"rendered":"https:\/\/olt.gov.on.ca\/fr\/?page_id=2977"},"modified":"2026-03-30T17:08:10","modified_gmt":"2026-03-30T17:08:10","slug":"depot-electronique-faq-a-lintention-des-autorites-approbatrices","status":"publish","type":"page","link":"https:\/\/olt.gov.on.ca\/fr\/depot-electronique-faq-a-lintention-des-autorites-approbatrices\/","title":{"rendered":"D\u00e9p\u00f4t \u00e9lectronique : FAQ \u00e0 l\u2019intention des autorit\u00e9s approbatrices"},"content":{"rendered":"","protected":false},"excerpt":{"rendered":"","protected":false},"author":5,"featured_media":0,"parent":0,"menu_order":0,"comment_status":"closed","ping_status":"closed","template":"templates\/template-faq copy 1.php","meta":{"footnotes":"","_links_to":"","_links_to_target":""},"class_list":["post-2977","page","type-page","status-publish","hentry"],"acf":[],"_links":{"self":[{"href":"https:\/\/olt.gov.on.ca\/fr\/wp-json\/wp\/v2\/pages\/2977","targetHints":{"allow":["GET"]}}],"collection":[{"href":"https:\/\/olt.gov.on.ca\/fr\/wp-json\/wp\/v2\/pages"}],"about":[{"href":"https:\/\/olt.gov.on.ca\/fr\/wp-json\/wp\/v2\/types\/page"}],"author":[{"embeddable":true,"href":"https:\/\/olt.gov.on.ca\/fr\/wp-json\/wp\/v2\/users\/5"}],"replies":[{"embeddable":true,"href":"https:\/\/olt.gov.on.ca\/fr\/wp-json\/wp\/v2\/comments?post=2977"}],"version-history":[{"count":36,"href":"https:\/\/olt.gov.on.ca\/fr\/wp-json\/wp\/v2\/pages\/2977\/revisions"}],"predecessor-version":[{"id":3703,"href":"https:\/\/olt.gov.on.ca\/fr\/wp-json\/wp\/v2\/pages\/2977\/revisions\/3703"}],"wp:attachment":[{"href":"https:\/\/olt.gov.on.ca\/fr\/wp-json\/wp\/v2\/media?parent=2977"}],"curies":[{"name":"wp","href":"https:\/\/api.w.org\/{rel}","templated":true}]}}