{"id":2770,"date":"2024-03-20T18:19:56","date_gmt":"2024-03-20T18:19:56","guid":{"rendered":"https:\/\/olt.gov.on.ca\/fr\/?page_id=2770"},"modified":"2025-10-04T00:48:20","modified_gmt":"2025-10-04T00:48:20","slug":"depot-electronique-pour-les-autorites-approbatrices","status":"publish","type":"page","link":"https:\/\/olt.gov.on.ca\/fr\/depot-electronique-pour-les-autorites-approbatrices\/","title":{"rendered":"D\u00e9p\u00f4t \u00e9lectronique : pour les autorit\u00e9s approbatrices"},"content":{"rendered":"<p>Le service de d\u00e9p\u00f4t \u00e9lectronique fonctionne comme une version intelligente du <a href=\"\/fr\/formulaires\"><span style=\"text-decoration: underline;\"><strong>formulaire de pr\u00e9sentation \u00e0 la municipalit\u00e9\/l\u2019autorit\u00e9 approbatrice<\/strong><\/span><\/a> (M1). Utilisez la fonction de d\u00e9p\u00f4t \u00e9lectronique pour soumettre des dossiers d\u2019appel au Tribunal ontarien de l\u2019am\u00e9nagement du territoire (TOAT), que les appels soient re\u00e7us par\u00a0:<\/p>\n<ul>\n<li>d\u00e9p\u00f4t \u00e9lectronique<\/li>\n<li>courrier ou remis en main propre (copie papier)<\/li>\n<li>courrier \u00e9lectronique.<\/li>\n<\/ul>\n<p><strong>Vous n\u2019\u00eates pas certain que votre autorit\u00e9 approbatrice soit enregistr\u00e9e pour recevoir des d\u00e9p\u00f4ts par voie \u00e9lectronique?<\/strong><\/p>\n<p>Veuillez consulter la <span style=\"text-decoration: underline;\"><strong><a href=\"https:\/\/olt.gov.on.ca\/fr\/depot-electronique\/\">liste des autorit\u00e9s approbatrices enregistr\u00e9es<\/a><\/strong><\/span> sur la page d\u2019accueil du site Web de d\u00e9p\u00f4t \u00e9lectronique. Si votre autorit\u00e9 approbatrice ne figure pas dans la liste, cela signifie qu\u2019elle n\u2019a pas termin\u00e9 le processus d\u2019enregistrement pour recevoir des d\u00e9p\u00f4ts \u00e9lectroniques. Les municipalit\u00e9s et autres autorit\u00e9s approbatrices doivent suivre un processus d\u2019enregistrement distinct de celui utilis\u00e9 par le public.<\/p>\n<p><span style=\"text-decoration: underline;\"><strong><a href=\"mailto:olt_efile_admin@ontario.ca\">Communiquez avec nous par courriel<\/a><\/strong><\/span> si vous avez des questions concernant l\u2019enregistrement, ou consultez les <span style=\"text-decoration: underline;\"><strong><a href=\"https:\/\/olt.gov.on.ca\/fr\/inscription-au-depot-electronique-municipalites-et-autres-autorites-approbatrices\/\">instructions d\u2019enregistrement pour les autorit\u00e9s approbatrices<\/a><\/strong><\/span>.<\/p>\n<h1>Si vous relevez d\u2019une autorit\u00e9 approbatrice d\u00e9j\u00e0 enregistr\u00e9e au service de d\u00e9p\u00f4t \u00e9lectronique\u00a0:<\/h1>\n<p><strong>Si vous avez d\u00e9j\u00e0 utilis\u00e9 le d\u00e9p\u00f4t \u00e9lectronique et que vous savez comment proc\u00e9der\u00a0:<\/strong><\/p>\n<style>\r\n* {\r\n  box-sizing: border-box;\r\n}\r\n\r\n\r\n\t\r\n.button {\r\n  background-color: #04AA6D; \/* Green *\/\r\n  border: none;\r\n  color: white;\r\n  padding: 16px 32px;\r\n  text-align: center;\r\n  text-decoration: none;\r\n  font-size: 20px;\r\n  transition-duration: 0.4s;\r\n  cursor: pointer;\r\n}\r\n\t\r\n\r\n\r\n\r\n\r\n.button {\r\n  background-color: white; \r\n  color: black; \r\n  border: 2px solid #44546B;\r\n}\r\n\r\n.button:hover {\r\n  background-color: #44546B;\r\n  color: white;\r\n}\r\n\r\n\r\n<\/style>\r\n\r\n\r\n\t<a href=\"https:\/\/signin.ontario.ca\/app\/ontsignin_ontariolandtribunalefiletribunalontariendelamnagementduterritoireefileprodapp_1\/exkfpdn2xrabG9mBG5d7\/sso\/saml?SAMLRequest=jVNdj9owEPwrkd8TQ0q%2BLECioJ6QrhXirn3oCzL2hrPq2Km9uaP%2Fvk4C16t0RX2KvOMZ785O5p43Om3ZqsMns4efHXiMzo02no3IgnTOMMu98szwBjxDwR5Wn%2B9ZmkxY6yxaYTV5y7lN4d6DQ2UNibabBTkUWf6hLvgxPgpexTMhIC5nsohlnkNVFELm05JE38D5wFmQIBGI3newNR65wVCapLN4UsZp%2BZhOWJaxtEpmWZWlefmdRJswkTIcB%2FYTYusZpV6djDKJNcidsonglLctDccROFwAzY1Ep46d4RpqpeF6GHEwEjRvDD9BAwZlh%2BCcQqscDLeDOzLoHqYUzj%2FqVpr07Pjxrmo%2B3mWyoN5b2htGotXVk7U1vmvAPYB7VgK%2B7u%2F%2F9DxIJn5EEqsxOdnnMELf%2Fdh23KsdpmQ5H%2FbABpvc8j8E5vQvxvySii9he9vNzmolfkUrre3L2gFHWBB0HZDok3UNx9v77itKxvVwlbX9Hj0Gt0hEX9%2B5BA%2FkEMNgAsIZr1O8ra11iM8e6uXNhAkm%2BnuhvAufF%2BvkLuQURHjg0XHjW%2BvwOvG76hfwn43Rd%2F6a5W8%3D&amp;RelayState=Saml2OwinState%3DVmJVPej_Tmj1xiRUXrBv8QMW9MfIoYU9C1IdA8lYzX9DytktJc0YLOhoSb_1vEYdsghsi0w8hM_L4cpRWO6VbR0krmChzK8HgMLlESL3Au_64qFHpwVEJS_BbrjTymNu_XqqG4VG4Vc67k7_ENHDbP0jaIvEVIy2UvscYAIew_M_78lEpqRGk1-Bt8IF1Cdcz4QQ_MN8o3Y3dJUufGGu8b2iis0ZeJzf-vriLCEaPH9SpGJ5ogfVtc89ewfQqX4T9yaC7uiuZYKZPkWzTlSSMrBX0kKf8h_ffMIyBhhoya4KXVEG_odB0eI70BW7s_tt6qdIT5Dp3UQaITTQIM5tVNmOr50LhIgg3rZMUodl66E\" target=\"_blank\" rel=\"noopener\">\r\n\t<button class=\"button\">Ouvrir une session pour acc\u00e9der au d\u00e9p\u00f4t \u00e9lectronique<\/button>\r\n\t\t<\/a>\r\n\n<h3><i class=\"fa-solid fa-circle-exclamation\"><\/i> Vous n\u2019avez jamais utilis\u00e9 le d\u00e9p\u00f4t \u00e9lectronique ou vous avez besoin d\u2019aide? Commencez ici\u00a0:<\/h3>\n<p>Prendre connaissance des <span style=\"text-decoration: underline;\"><strong><a href=\"\/fr\/instructions-relatives-au-depot-electronique-pour-les-autorites-approbatrices-inscrites\/\">instructions relatives au d\u00e9p\u00f4t \u00e9lectronique pour les autorit\u00e9s approbatrices inscrites<\/a><\/strong><\/span><\/p>\n<h1>Renseignements suppl\u00e9mentaires<\/h1>\n<ul>\n<li><span style=\"text-decoration: underline;\"><strong><a href=\"\/fr\/depot-electronique-faq-a-lintention-des-autorites-approbatrices\">FAQ \u00e0 l\u2019intention des autorit\u00e9s approbatrices<\/a><\/strong><\/span><\/li>\n<li><span style=\"text-decoration: underline;\"><strong><a href=\"https:\/\/olt.gov.on.ca\/fr\/portail-de-depot-electronique-du-tribunal-ontarien-de-lamenagement-du-territoire-un-processus-simplifie-de-depot-des-appels\/\">Informations g\u00e9n\u00e9rales sur le d\u00e9p\u00f4t \u00e9lectronique<\/a><\/strong><\/span><\/li>\n<\/ul>\n","protected":false},"excerpt":{"rendered":"<p>Le service de d\u00e9p\u00f4t \u00e9lectronique fonctionne comme une version intelligente du formulaire de pr\u00e9sentation \u00e0 la municipalit\u00e9\/l\u2019autorit\u00e9 approbatrice (M1). Utilisez la fonction de d\u00e9p\u00f4t \u00e9lectronique pour soumettre des dossiers d\u2019appel au Tribunal ontarien de l\u2019am\u00e9nagement du territoire (TOAT), que les appels soient re\u00e7us par\u00a0: d\u00e9p\u00f4t \u00e9lectronique courrier ou remis en main propre (copie papier) courrier [&hellip;]<\/p>\n","protected":false},"author":5,"featured_media":0,"parent":0,"menu_order":0,"comment_status":"closed","ping_status":"closed","template":"templates\/template-full-width.php","meta":{"footnotes":"","_links_to":"","_links_to_target":""},"class_list":["post-2770","page","type-page","status-publish","hentry"],"acf":[],"_links":{"self":[{"href":"https:\/\/olt.gov.on.ca\/fr\/wp-json\/wp\/v2\/pages\/2770","targetHints":{"allow":["GET"]}}],"collection":[{"href":"https:\/\/olt.gov.on.ca\/fr\/wp-json\/wp\/v2\/pages"}],"about":[{"href":"https:\/\/olt.gov.on.ca\/fr\/wp-json\/wp\/v2\/types\/page"}],"author":[{"embeddable":true,"href":"https:\/\/olt.gov.on.ca\/fr\/wp-json\/wp\/v2\/users\/5"}],"replies":[{"embeddable":true,"href":"https:\/\/olt.gov.on.ca\/fr\/wp-json\/wp\/v2\/comments?post=2770"}],"version-history":[{"count":23,"href":"https:\/\/olt.gov.on.ca\/fr\/wp-json\/wp\/v2\/pages\/2770\/revisions"}],"predecessor-version":[{"id":3454,"href":"https:\/\/olt.gov.on.ca\/fr\/wp-json\/wp\/v2\/pages\/2770\/revisions\/3454"}],"wp:attachment":[{"href":"https:\/\/olt.gov.on.ca\/fr\/wp-json\/wp\/v2\/media?parent=2770"}],"curies":[{"name":"wp","href":"https:\/\/api.w.org\/{rel}","templated":true}]}}