{"id":2758,"date":"2024-03-20T16:55:04","date_gmt":"2024-03-20T16:55:04","guid":{"rendered":"https:\/\/olt.gov.on.ca\/fr\/?page_id=2758"},"modified":"2026-01-23T21:57:09","modified_gmt":"2026-01-23T21:57:09","slug":"depot-electronique-pour-les-utilisateurs-publics","status":"publish","type":"page","link":"https:\/\/olt.gov.on.ca\/fr\/depot-electronique-pour-les-utilisateurs-publics\/","title":{"rendered":"D\u00e9p\u00f4t \u00e9lectronique : Pour les utilisateurs publics"},"content":{"rendered":"","protected":false},"excerpt":{"rendered":"","protected":false},"author":5,"featured_media":0,"parent":0,"menu_order":0,"comment_status":"closed","ping_status":"closed","template":"templates\/template-faq copy 1.php","meta":{"footnotes":"","_links_to":"","_links_to_target":""},"class_list":["post-2758","page","type-page","status-publish","hentry"],"acf":[],"_links":{"self":[{"href":"https:\/\/olt.gov.on.ca\/fr\/wp-json\/wp\/v2\/pages\/2758","targetHints":{"allow":["GET"]}}],"collection":[{"href":"https:\/\/olt.gov.on.ca\/fr\/wp-json\/wp\/v2\/pages"}],"about":[{"href":"https:\/\/olt.gov.on.ca\/fr\/wp-json\/wp\/v2\/types\/page"}],"author":[{"embeddable":true,"href":"https:\/\/olt.gov.on.ca\/fr\/wp-json\/wp\/v2\/users\/5"}],"replies":[{"embeddable":true,"href":"https:\/\/olt.gov.on.ca\/fr\/wp-json\/wp\/v2\/comments?post=2758"}],"version-history":[{"count":64,"href":"https:\/\/olt.gov.on.ca\/fr\/wp-json\/wp\/v2\/pages\/2758\/revisions"}],"predecessor-version":[{"id":3573,"href":"https:\/\/olt.gov.on.ca\/fr\/wp-json\/wp\/v2\/pages\/2758\/revisions\/3573"}],"wp:attachment":[{"href":"https:\/\/olt.gov.on.ca\/fr\/wp-json\/wp\/v2\/media?parent=2758"}],"curies":[{"name":"wp","href":"https:\/\/api.w.org\/{rel}","templated":true}]}}