{"id":2548,"date":"2024-01-31T15:02:24","date_gmt":"2024-01-31T15:02:24","guid":{"rendered":"https:\/\/olt.gov.on.ca\/fr\/?page_id=2548"},"modified":"2024-02-15T20:07:27","modified_gmt":"2024-02-15T20:07:27","slug":"equipe-de-mediation-simplifiee","status":"publish","type":"page","link":"https:\/\/olt.gov.on.ca\/fr\/equipe-de-mediation-simplifiee\/","title":{"rendered":"\u00c9quipe de m\u00e9diation simplifi\u00e9e"},"content":{"rendered":"<p>&nbsp;<\/p>\n<p><strong>Warren Morris<\/strong> partage son temps entre la fonction publique, la gestion d&rsquo;un cabinet de r\u00e9solution des diff\u00e9rends et son travail dans le secteur des pr\u00eats hypoth\u00e9caires priv\u00e9s. C\u2019est un m\u00e9diateur agr\u00e9\u00e9 qui dirige un cabinet traitant essentiellement de m\u00e9diation commerciale. Il figure sur la liste des m\u00e9diateurs de l\u2019Institut international de la fiscalit\u00e9 immobili\u00e8re et du Service de m\u00e9diation en mati\u00e8re d\u2019endettement agricole. M. Morris d\u00e9tient un baccalaur\u00e9at en \u00e9conomie avec option en commerce de l\u2019Universit\u00e9 McGill, un baccalaur\u00e9at en droit de l\u2019Universit\u00e9 Western Ontario, et une ma\u00eetrise en droit avec sp\u00e9cialisation en r\u00e8glement extrajudiciaire des diff\u00e9rends de l\u2019Osgoode Hall Law School de l\u2019Universit\u00e9 York. Auparavant, il \u00e9tait membre du conseil d\u2019administration de plusieurs organismes, dont l\u2019ADR Institute of Ontario et une clinique d\u2019aide juridique.<\/p>\n<p><strong>Robert Steinberg <\/strong>&#8211; Apr\u00e8s avoir re\u00e7u son dipl\u00f4me en 1971 de l&rsquo;Universit\u00e9 Wilfrid Laurier, Robert Steinberg a commenc\u00e9 \u00e0 travailler pour la province de l&rsquo;Ontario, en \u00e9valuant toutes les cat\u00e9gories d&rsquo;immeubles de plusieurs municipalit\u00e9s. En 1981, il a obtenu le titre d&rsquo;\u00e9valuateur accr\u00e9dit\u00e9 de l&rsquo;Institut canadien des \u00e9valuateurs. En 1986, M. Steinberg a commenc\u00e9 \u00e0 travailler pour l&rsquo;autorit\u00e9 de conservation de la rivi\u00e8re Grand, en acqu\u00e9rant des terres pour de nombreux projets et en g\u00e9rant un portefeuille immobilier complexe situ\u00e9 dans 32 municipalit\u00e9s \u00e0 travers le bassin hydrographique. En 1997, il a obtenu une ma\u00eetrise en administration publique de l&rsquo;Universit\u00e9 Western Ontario. En 2006, il est devenu \u00e9valuateur et n\u00e9gociateur dans le secteur municipal. M. Steinberg a \u00e9t\u00e9 conf\u00e9rencier agr\u00e9\u00e9 de l&rsquo;Institut canadien des \u00e9valuateurs et a pr\u00e9sent\u00e9 des expos\u00e9s sur l&rsquo;\u00e9valuation fonci\u00e8re municipale lors de r\u00e9unions de l&rsquo;Association des directeurs g\u00e9n\u00e9raux, secr\u00e9taires et tr\u00e9soriers municipaux de l&rsquo;Ontario. Il est membre de l&rsquo;Ontario Expropriation Association qu&rsquo;il a \u00e9galement pr\u00e9sid\u00e9e, et est actuellement b\u00e9n\u00e9vole pour divers organismes communautaires, dont la Soci\u00e9t\u00e9 canadienne du cancer. M. Steinberg est membre de la Commission de n\u00e9gociation (Tribunaux de l&rsquo;environnement et de l&rsquo;am\u00e9nagement du territoire Ontario) depuis 2011<\/p>\n","protected":false},"excerpt":{"rendered":"<p>&nbsp; Warren Morris partage son temps entre la fonction publique, la gestion d&rsquo;un cabinet de r\u00e9solution des diff\u00e9rends et son travail dans le secteur des pr\u00eats hypoth\u00e9caires priv\u00e9s. C\u2019est un m\u00e9diateur agr\u00e9\u00e9 qui dirige un cabinet traitant essentiellement de m\u00e9diation commerciale. Il figure sur la liste des m\u00e9diateurs de l\u2019Institut international de la fiscalit\u00e9 immobili\u00e8re [&hellip;]<\/p>\n","protected":false},"author":5,"featured_media":0,"parent":0,"menu_order":0,"comment_status":"closed","ping_status":"closed","template":"templates\/template-full-width.php","meta":{"footnotes":"","_links_to":"","_links_to_target":""},"class_list":["post-2548","page","type-page","status-publish","hentry"],"acf":[],"_links":{"self":[{"href":"https:\/\/olt.gov.on.ca\/fr\/wp-json\/wp\/v2\/pages\/2548","targetHints":{"allow":["GET"]}}],"collection":[{"href":"https:\/\/olt.gov.on.ca\/fr\/wp-json\/wp\/v2\/pages"}],"about":[{"href":"https:\/\/olt.gov.on.ca\/fr\/wp-json\/wp\/v2\/types\/page"}],"author":[{"embeddable":true,"href":"https:\/\/olt.gov.on.ca\/fr\/wp-json\/wp\/v2\/users\/5"}],"replies":[{"embeddable":true,"href":"https:\/\/olt.gov.on.ca\/fr\/wp-json\/wp\/v2\/comments?post=2548"}],"version-history":[{"count":3,"href":"https:\/\/olt.gov.on.ca\/fr\/wp-json\/wp\/v2\/pages\/2548\/revisions"}],"predecessor-version":[{"id":2660,"href":"https:\/\/olt.gov.on.ca\/fr\/wp-json\/wp\/v2\/pages\/2548\/revisions\/2660"}],"wp:attachment":[{"href":"https:\/\/olt.gov.on.ca\/fr\/wp-json\/wp\/v2\/media?parent=2548"}],"curies":[{"name":"wp","href":"https:\/\/api.w.org\/{rel}","templated":true}]}}