{"id":1865,"date":"2023-02-06T18:49:03","date_gmt":"2023-02-06T18:49:03","guid":{"rendered":"https:\/\/olt.gov.on.ca\/fr\/?page_id=1865"},"modified":"2023-02-15T18:09:40","modified_gmt":"2023-02-15T18:09:40","slug":"cadre-de-responsabilisation-des-membres","status":"publish","type":"page","link":"https:\/\/olt.gov.on.ca\/fr\/documents-de-responsabilisation\/cadre-de-responsabilisation-des-membres\/","title":{"rendered":"Cadre de responsabilisation des membres"},"content":{"rendered":"<p>Pour s\u2019assurer que ses membres connaissent le code de conduite qui fait partie du cadre de responsabilisation s\u2019appliquant \u00e0 eux, le TOAT :<\/p>\n<ul>\n<li>prendra, dans le cadre des concours de recrutement des nouveaux membres, des mesures pour que les candidats connaissent les dispositions du code de conduite qui s\u2019appliquent aux membres;<\/li>\n<li>transmettra un exemplaire du code de conduite \u00e0 chaque membre d\u00e8s sa nomination et exigera une confirmation de r\u00e9ception de ce document;<\/li>\n<li>donnera \u00e0 chaque nouveau membre, d\u00e8s que possible apr\u00e8s sa nomination, une formation sur les responsabilit\u00e9s que lui attribue le code de conduite;<\/li>\n<li>avisera chaque membre, d\u00e8s que possible, de toute modification du code de conduite;<\/li>\n<li>donnera chaque ann\u00e9e aux membres un avis contenant de l\u2019information sur le code de conduite;<\/li>\n<li>exigera chaque ann\u00e9e que chaque membre signe une confirmation de connaissance de ses obligations, sous une forme que le responsable de l\u2019\u00e9thique juge satisfaisante.<\/li>\n<\/ul>\n<p><strong><br \/>\nDescriptions des postes<\/strong><\/p>\n<p>Le TOAT a \u00e9tabli les descriptions des postes de membre, de vice-pr\u00e9sident et de pr\u00e9sident.<\/p>\n<ul>\n<li><span style=\"text-decoration: underline;\"><a href=\"https:\/\/olt.gov.on.ca\/fr\/wp-content\/uploads\/sites\/3\/2023\/02\/Member-FR.html\" target=\"_blank\" rel=\"noopener\">Membre<\/a><\/span><\/li>\n<li><span style=\"text-decoration: underline;\"><a href=\"https:\/\/olt.gov.on.ca\/fr\/wp-content\/uploads\/sites\/3\/2023\/02\/Vice-Chair-FR.html\" target=\"_blank\" rel=\"noopener\">Vice-pr\u00e9sident<\/a><\/span><\/li>\n<li><span style=\"text-decoration: underline;\"><a href=\"https:\/\/olt.gov.on.ca\/fr\/wp-content\/uploads\/sites\/3\/2023\/02\/Chair-FR.html\" target=\"_blank\" rel=\"noopener\">Pr\u00e9sident<\/a><\/span><\/li>\n<\/ul>\n<p><strong>Formation<\/strong><\/p>\n<p>Le TOAT pr\u00e9voira dans le plan de perfectionnement professionnel de tous ses membres un minimum de deux heures par ann\u00e9e de formation continue sur le plan d\u2019\u00e9thique et ses \u00e9l\u00e9ments et exigera de tous ses membres une attestation d\u2019ach\u00e8vement de formation.<\/p>\n<p><strong><br \/>\nAutres outils<\/strong><\/p>\n<p>Le TOAT peut \u00e9laborer des politiques et des exigences internes qui s\u2019inscrivent dans le cadre de responsabilisation des membres afin d\u2019aider ces derniers \u00e0 s\u2019acquitter des obligations que leur impose le cadre de responsabilisation.<\/p>\n<p><strong><br \/>\nPartie III \u2013 Emploi au service de la Couronne, LFPO<\/strong><\/p>\n<p>Les employ\u00e9s de la fonction publique de l\u2019Ontario qui sont au service du TOAT sont assujettis \u00e0 un plan d\u2019\u00e9thique g\u00e9n\u00e9ral distinct, le \u00ab Guide to Public service Ethics and Conduct \u00bb (en anglais seulement). Ce guide est la r\u00e9f\u00e9rence qui fait autorit\u00e9 en mati\u00e8re de conduite et de comportements professionnels acceptables dans la FPO. Il d\u00e9crit les exigences du cadre d\u2019\u00e9thique et les avis exig\u00e9s aux termes de la LFPO, les autres lois applicables et les directives politiques et lignes directrices g\u00e9n\u00e9rales qui s\u2019appliquent aux employ\u00e9s. Les employ\u00e9s du TOAT sont \u00e9galement assujettis aux R\u00e8gles relatives aux <span style=\"text-decoration: underline;\"><strong><a href=\"https:\/\/olt.gov.on.ca\/fr\/wp-content\/uploads\/sites\/3\/2023\/02\/land_tribunal-coi2021fr-1.pdf\">conflits d\u2019int\u00e9r\u00eats du TOAT<\/a><\/strong><\/span>.<\/p>\n<ul>\n<li><b><u><a href=\"https:\/\/olt.gov.on.ca\/fr\/wp-content\/uploads\/sites\/3\/2023\/02\/code-of-conduct-FR.html\" target=\"_blank\" rel=\"noopener\">Code de d\u00e9ontologie<\/a><\/u><\/b><\/li>\n<\/ul>\n","protected":false},"excerpt":{"rendered":"<p>Pour s\u2019assurer que ses membres connaissent le code de conduite qui fait partie du cadre de responsabilisation s\u2019appliquant \u00e0 eux, le TOAT : prendra, dans le cadre des concours de recrutement des nouveaux membres, des mesures pour que les candidats connaissent les dispositions du code de conduite qui s\u2019appliquent aux membres; transmettra un exemplaire du [&hellip;]<\/p>\n","protected":false},"author":4,"featured_media":0,"parent":1856,"menu_order":0,"comment_status":"closed","ping_status":"closed","template":"templates\/template-full-width.php","meta":{"footnotes":"","_links_to":"","_links_to_target":""},"class_list":["post-1865","page","type-page","status-publish","hentry"],"acf":[],"_links":{"self":[{"href":"https:\/\/olt.gov.on.ca\/fr\/wp-json\/wp\/v2\/pages\/1865","targetHints":{"allow":["GET"]}}],"collection":[{"href":"https:\/\/olt.gov.on.ca\/fr\/wp-json\/wp\/v2\/pages"}],"about":[{"href":"https:\/\/olt.gov.on.ca\/fr\/wp-json\/wp\/v2\/types\/page"}],"author":[{"embeddable":true,"href":"https:\/\/olt.gov.on.ca\/fr\/wp-json\/wp\/v2\/users\/4"}],"replies":[{"embeddable":true,"href":"https:\/\/olt.gov.on.ca\/fr\/wp-json\/wp\/v2\/comments?post=1865"}],"version-history":[{"count":10,"href":"https:\/\/olt.gov.on.ca\/fr\/wp-json\/wp\/v2\/pages\/1865\/revisions"}],"predecessor-version":[{"id":2297,"href":"https:\/\/olt.gov.on.ca\/fr\/wp-json\/wp\/v2\/pages\/1865\/revisions\/2297"}],"up":[{"embeddable":true,"href":"https:\/\/olt.gov.on.ca\/fr\/wp-json\/wp\/v2\/pages\/1856"}],"wp:attachment":[{"href":"https:\/\/olt.gov.on.ca\/fr\/wp-json\/wp\/v2\/media?parent=1865"}],"curies":[{"name":"wp","href":"https:\/\/api.w.org\/{rel}","templated":true}]}}