{"id":1832,"date":"2023-02-06T17:30:52","date_gmt":"2023-02-06T17:30:52","guid":{"rendered":"https:\/\/olt.gov.on.ca\/fr\/?page_id=1832"},"modified":"2024-10-30T20:47:27","modified_gmt":"2024-10-30T20:47:27","slug":"les-services-en-francais","status":"publish","type":"page","link":"https:\/\/olt.gov.on.ca\/fr\/les-services-en-francais\/","title":{"rendered":"Les services en fran\u00e7ais"},"content":{"rendered":"<p>Le Tribunal ontarien de l\u2019am\u00e9nagement du territoire s\u2019est engag\u00e9 \u00e0 fournir des services en fran\u00e7ais conform\u00e9ment \u00e0 la\u00a0<a href=\"https:\/\/www.ontario.ca\/fr\/lois\/loi\/90f32\" target=\"_blank\" rel=\"noopener\"><u><b>Loi sur les services en fran\u00e7ais<\/b><\/u><\/a>.<\/p>\n<p>Pour de plus amples renseignements sur les services en fran\u00e7ais au Tribunal ontarien de l\u2019am\u00e9nagement du territoire, veuillez consulter sa <span style=\"text-decoration: underline;\"><strong><a href=\"\/fr\/wp-content\/uploads\/sites\/3\/2023\/02\/OLT-_-French-Language-Services-Policy-FR.html\">Politique sur les services en fran\u00e7ais<\/a><\/strong><\/span>.<\/p>\n<p>Pour toute question ou pr\u00e9occupation au sujet de notre Politique sur les services en fran\u00e7ais, veuillez \u00e9crire \u00e0\u00a0<a href=\"mailto:OLT.COORDINATOR@ontario.ca\"><u><b>OLT.COORDINATOR@ontario.ca<\/b><\/u><\/a>.<\/p>\n<p><strong>Autres services en fran\u00e7ais<\/strong><\/p>\n<p>Vous pouvez aussi visiter le site Web de <a href=\"http:\/\/www.ajefo.ca\/\" target=\"_blank\" rel=\"noopener\"><u><b>l\u2019Association des juristes d\u2019expression fran\u00e7aise de l\u2019Ontario (AJEFO)<\/b><\/u><\/a>.<\/p>\n<p>L\u2019AJEFO fournit un certain nombre de services et de ressources utiles en fran\u00e7ais, notamment :<\/p>\n<ol>\n<li><a href=\"http:\/\/cliquezjustice.ca\/\" target=\"_blank\" rel=\"noopener\"><u><b>CliquezJustice.ca<\/b><\/u><\/a>\u00a0: un site qui contient des renseignements sur la justice en fran\u00e7ais, \u00e0 l\u2019intention du grand public.<\/li>\n<li><a href=\"http:\/\/jurisource.ca\/en\" target=\"_blank\" rel=\"noopener\"><u><b>Jurisource.ca<\/b><\/u><\/a>\u00a0: un site qui publie des lexiques utiles pour les tribunaux administratifs et offre des ressources \u00e0 l\u2019intention des professionnels francophones du secteur juridique.<\/li>\n<li><a href=\"http:\/\/www.centreinfojuridique.ca\/en\/\" target=\"_blank\" rel=\"noopener\"><u><b>Centre d\u2019information juridique de l\u2019Ontario \/ Ontario legal information centre<\/b><\/u><\/a> : offre de l&rsquo;information juridiques en fran\u00e7ais et en anglais.<\/li>\n<\/ol>\n","protected":false},"excerpt":{"rendered":"<p>Le Tribunal ontarien de l\u2019am\u00e9nagement du territoire s\u2019est engag\u00e9 \u00e0 fournir des services en fran\u00e7ais conform\u00e9ment \u00e0 la\u00a0Loi sur les services en fran\u00e7ais. Pour de plus amples renseignements sur les services en fran\u00e7ais au Tribunal ontarien de l\u2019am\u00e9nagement du territoire, veuillez consulter sa Politique sur les services en fran\u00e7ais. Pour toute question ou pr\u00e9occupation au [&hellip;]<\/p>\n","protected":false},"author":4,"featured_media":0,"parent":0,"menu_order":0,"comment_status":"closed","ping_status":"closed","template":"templates\/template-full-width.php","meta":{"footnotes":"","_links_to":"","_links_to_target":""},"class_list":["post-1832","page","type-page","status-publish","hentry"],"acf":[],"_links":{"self":[{"href":"https:\/\/olt.gov.on.ca\/fr\/wp-json\/wp\/v2\/pages\/1832","targetHints":{"allow":["GET"]}}],"collection":[{"href":"https:\/\/olt.gov.on.ca\/fr\/wp-json\/wp\/v2\/pages"}],"about":[{"href":"https:\/\/olt.gov.on.ca\/fr\/wp-json\/wp\/v2\/types\/page"}],"author":[{"embeddable":true,"href":"https:\/\/olt.gov.on.ca\/fr\/wp-json\/wp\/v2\/users\/4"}],"replies":[{"embeddable":true,"href":"https:\/\/olt.gov.on.ca\/fr\/wp-json\/wp\/v2\/comments?post=1832"}],"version-history":[{"count":11,"href":"https:\/\/olt.gov.on.ca\/fr\/wp-json\/wp\/v2\/pages\/1832\/revisions"}],"predecessor-version":[{"id":3140,"href":"https:\/\/olt.gov.on.ca\/fr\/wp-json\/wp\/v2\/pages\/1832\/revisions\/3140"}],"wp:attachment":[{"href":"https:\/\/olt.gov.on.ca\/fr\/wp-json\/wp\/v2\/media?parent=1832"}],"curies":[{"name":"wp","href":"https:\/\/api.w.org\/{rel}","templated":true}]}}