{"id":1154,"date":"2022-12-05T18:09:12","date_gmt":"2022-12-05T18:09:12","guid":{"rendered":"https:\/\/olt.gov.on.ca\/fr\/?page_id=1154"},"modified":"2024-02-09T17:51:12","modified_gmt":"2024-02-09T17:51:12","slug":"demandes-de-documents","status":"publish","type":"page","link":"https:\/\/olt.gov.on.ca\/fr\/demandes-de-documents\/","title":{"rendered":"Demandes de documents"},"content":{"rendered":"<p>Tous les documents d\u00e9pos\u00e9s aupr\u00e8s du Tribunal ontarien de l\u2019am\u00e9nagement du territoire (TOAT) et toutes les communications destin\u00e9es au Tribunal ou transmises par celui-ci sont de notori\u00e9t\u00e9 publique, donc disponibles pour acc\u00e8s raisonnable (\u00e0 moins que le Tribunal n\u2019en d\u00e9cide autrement). Certains documents, par exemple s\u2019ils contiennent des renseignements personnels \u00e0 caract\u00e8re priv\u00e9 ou des renseignements commerciaux de nature d\u00e9licate, peuvent \u00eatre consid\u00e9r\u00e9s comme confidentiels et ne sont pas divulgu\u00e9s au public. Les documents ayant trait \u00e0 la m\u00e9diation sont aussi confidentiels.<\/p>\n<p><strong>Demandes de documents relatifs \u00e0 un dossier<\/strong><\/p>\n<p>Pour demander des documents relatifs \u00e0 un appel devant le Tribunal, veuillez \u00e9crire \u00e0 <span style=\"text-decoration: underline;\"><strong><a href=\"mailto:OLT.General.Inquiry@ontario.ca\">OLT.General.Inquiry@ontario.ca<\/a><\/strong><\/span>.<\/p>\n<p>Si vous participez actuellement \u00e0 une instance au Tribunal ontarien de l\u2019am\u00e9nagement du territoire et souhaitez demander des documents relatifs au dossier, veuillez communiquer directement avec votre coordonnateur des cas.<\/p>\n<p>Veuillez fournir autant d\u2019information que possible pour aider le personnel \u00e0 trouver le document que vous cherchez. Il se peut que le Tribunal communique avec vous pour des \u00e9claircissements.<\/p>\n<p>Veuillez noter que des <strong><a href=\"\/fr\/bareme-des-droits\"><u>frais<\/u> <\/a><\/strong>de photocopie peuvent s\u2019appliquer si les documents demand\u00e9s ne sont disponibles que sur support papier ou ont \u00e9t\u00e9 archiv\u00e9s parce le dossier date de plusieurs ann\u00e9es.<\/p>\n<p><strong>Demandes de d\u00e9cisions<\/strong><\/p>\n<p>Pour en savoir plus sur l\u2019acc\u00e8s aux d\u00e9cisions du TOAT, veuillez consulter notre page \u00ab\u00a0<strong><a href=\"\/fr\/decisions\"><u>D\u00e9cisions<\/u><\/a><\/strong>\u00a0\u00bb.<\/p>\n<p>Si vous n\u2019arrivez pas \u00e0 trouver la d\u00e9cision que vous cherchez, veuillez \u00e9crire \u00e0 <a href=\"mailto:OLT.General.Inquiry@ontario.ca\"><span style=\"text-decoration: underline;\"><strong>OLT.General.Inquiry@ontario.ca<\/strong><\/span><\/a>.<\/p>\n<p>&nbsp;<\/p>\n<p>&nbsp;<\/p>\n","protected":false},"excerpt":{"rendered":"<p>Tous les documents d\u00e9pos\u00e9s aupr\u00e8s du Tribunal ontarien de l\u2019am\u00e9nagement du territoire (TOAT) et toutes les communications destin\u00e9es au Tribunal ou transmises par celui-ci sont de notori\u00e9t\u00e9 publique, donc disponibles pour acc\u00e8s raisonnable (\u00e0 moins que le Tribunal n\u2019en d\u00e9cide autrement). Certains documents, par exemple s\u2019ils contiennent des renseignements personnels \u00e0 caract\u00e8re priv\u00e9 ou des [&hellip;]<\/p>\n","protected":false},"author":5,"featured_media":0,"parent":0,"menu_order":0,"comment_status":"closed","ping_status":"closed","template":"templates\/template-full-width.php","meta":{"footnotes":"","_links_to":"","_links_to_target":""},"class_list":["post-1154","page","type-page","status-publish","hentry"],"acf":[],"_links":{"self":[{"href":"https:\/\/olt.gov.on.ca\/fr\/wp-json\/wp\/v2\/pages\/1154","targetHints":{"allow":["GET"]}}],"collection":[{"href":"https:\/\/olt.gov.on.ca\/fr\/wp-json\/wp\/v2\/pages"}],"about":[{"href":"https:\/\/olt.gov.on.ca\/fr\/wp-json\/wp\/v2\/types\/page"}],"author":[{"embeddable":true,"href":"https:\/\/olt.gov.on.ca\/fr\/wp-json\/wp\/v2\/users\/5"}],"replies":[{"embeddable":true,"href":"https:\/\/olt.gov.on.ca\/fr\/wp-json\/wp\/v2\/comments?post=1154"}],"version-history":[{"count":9,"href":"https:\/\/olt.gov.on.ca\/fr\/wp-json\/wp\/v2\/pages\/1154\/revisions"}],"predecessor-version":[{"id":1735,"href":"https:\/\/olt.gov.on.ca\/fr\/wp-json\/wp\/v2\/pages\/1154\/revisions\/1735"}],"wp:attachment":[{"href":"https:\/\/olt.gov.on.ca\/fr\/wp-json\/wp\/v2\/media?parent=1154"}],"curies":[{"name":"wp","href":"https:\/\/api.w.org\/{rel}","templated":true}]}}