{"id":1088,"date":"2022-10-31T14:49:18","date_gmt":"2022-10-31T14:49:18","guid":{"rendered":"https:\/\/olt.gov.on.ca\/fr\/?page_id=1088"},"modified":"2025-11-06T21:58:24","modified_gmt":"2025-11-06T21:58:24","slug":"divulgation-des-frais-de-deplacement-et-daccueil","status":"publish","type":"page","link":"https:\/\/olt.gov.on.ca\/fr\/divulgation-des-frais-de-deplacement-et-daccueil\/","title":{"rendered":"Divulgation des frais de d\u00e9placement et d\u2019accueil"},"content":{"rendered":"<p>Le gouvernement a mis en place diverses mesures d\u2019imputabilit\u00e9 afin de consolider son engagement \u00e0 instaurer un gouvernement ouvert en encourageant une plus grande transparence des organismes r\u00e9pertori\u00e9s. Les renseignements sur les d\u00e9penses doivent \u00eatre publi\u00e9es sur le site internet du Tribunal ontarien de l\u2019am\u00e9nagement du territoire (TOAT).<\/p>\n<h2>Renseignements sur les d\u00e9penses<\/h2>\n<p>La divulgation de l\u2019information relative aux d\u00e9penses am\u00e9liore la transparence, augmente l\u2019imputabilit\u00e9 et aide \u00e0 garantir une utilisation judicieuse de l\u2019argent des contribuables.\u00a0<strong><a href=\"https:\/\/www.ontario.ca\/fr\/document\/directive-sur-les-frais-de-deplacement-de-repas-et-daccueil\" target=\"_blank\" rel=\"noopener\">La directive sur les frais de d\u00e9placement, de repas et d\u2019accueil<\/a><\/strong>\u00a0exige que les personnes d\u00e9sign\u00e9es de chaque organisme provincial publient les renseignements relatifs aux d\u00e9penses.<\/p>\n<ul>\n<li style=\"list-style-type: none;\">\n<ul>\n<li><span style=\"text-decoration: underline;\"><strong><a href=\"https:\/\/olt.gov.on.ca\/fr\/wp-content\/uploads\/sites\/3\/July-1-September-30-2025-Expense-Report-Disclosure-_FR.pdf\">D\u00e9penses de Tribunal ontarien de l\u2019am\u00e9nagement du territoire : pour la p\u00e9riode du 1er juillet 2025 au 30 septembre 2025<\/a><\/strong><\/span><\/li>\n<li><span style=\"text-decoration: underline;\"><strong><a href=\"https:\/\/olt.gov.on.ca\/fr\/wp-content\/uploads\/sites\/3\/April-1-June-30-2025-Expense-Report-Disclosure-FR.pdf\">D\u00e9penses de Tribunal ontarien de l\u2019am\u00e9nagement du territoire : pour la p\u00e9riode du 1er avril 2025 au 30 juin 2025<\/a><\/strong><\/span><\/li>\n<li><span style=\"text-decoration: underline;\"><strong><a href=\"https:\/\/olt.gov.on.ca\/fr\/wp-content\/uploads\/sites\/3\/JAN-1-2025-MAR-31-2025-Expense-Report-Disclosure_FR.pdf\">D\u00e9penses de Tribunal ontarien de l\u2019am\u00e9nagement du territoire : pour la p\u00e9riode du 1er janvier 2025 au 31 mars 2025<\/a><\/strong><\/span><\/li>\n<li><span style=\"text-decoration: underline;\"><strong><a href=\"https:\/\/olt.gov.on.ca\/fr\/wp-content\/uploads\/sites\/3\/OCT-1-2024-DEC-31-2024-Expense-Report-Disclosure_FR.pdf\">D\u00e9penses de Tribunal ontarien de l\u2019am\u00e9nagement du territoire : pour la p\u00e9riode du 1er octobre 2024 au 31 d\u00e9cembre 2024<\/a><\/strong><\/span><\/li>\n<li><span style=\"text-decoration: underline;\"><strong><a href=\"https:\/\/olt.gov.on.ca\/fr\/wp-content\/uploads\/sites\/3\/JUL-1-2024-SEPT-30-2024-Expense-Report-Disclosure_FR.pdf\">D\u00e9penses de Tribunal ontarien de l\u2019am\u00e9nagement du territoire : pour la p\u00e9riode du 1er juillet 2024 au 30 septembre 2024<\/a><\/strong><\/span><\/li>\n<li><span style=\"text-decoration: underline;\"><strong><a href=\"http:\/\/olt.gov.on.ca\/wp-content\/uploads\/APR-1-2024-JUN-30-2024-Expense-Report-Disclosure_FR.pdf\">D\u00e9penses de Tribunal ontarien de l\u2019am\u00e9nagement du territoire : pour la p\u00e9riode du 1er avril 2024 au 30 juin 2024<\/a><\/strong><\/span><\/li>\n<li><span style=\"text-decoration: underline;\"><strong><a href=\"\/wp-content\/uploads\/JAN-1-2024-MAR-31-2024-Expense-Report-Disclosure_FR.pdf\">D\u00e9penses de Tribunal ontarien de l\u2019am\u00e9nagement du territoire : pour la p\u00e9riode du 1er janvier 2024 au 31 mars 2024<\/a><\/strong><\/span><\/li>\n<li><a href=\"\/wp-content\/uploads\/OCT-1-2023-DEC-31-2023-Expense-Report-Disclosure_FR.pdf\"><span style=\"text-decoration: underline;\"><strong>D\u00e9penses de Tribunal ontarien de l\u2019am\u00e9nagement du territoire : pour la p\u00e9riode du 1er octobre 2023 au 31 d\u00e9cembre 2023<\/strong><\/span><\/a><\/li>\n<li><span style=\"text-decoration: underline;\"><strong><a href=\"\/fr\/wp-content\/uploads\/sites\/3\/2.-JULY-1-2023-SEPT-30-2023-Expense-Report-Disclosure_FR.pdf\">D\u00e9penses de Tribunal ontarien de l\u2019am\u00e9nagement du territoire : pour la p\u00e9riode du 1er juillet 2023 au 30 septembre 2023<\/a><\/strong><\/span><\/li>\n<li><span style=\"text-decoration: underline;\"><strong><a href=\"\/fr\/wp-content\/uploads\/sites\/3\/APRIL-1-2023-JUNE-30-2023-Expense-Report-Disclosure_FR.pdf\">D\u00e9penses de Tribunal ontarien de l\u2019am\u00e9nagement du territoire : pour la p\u00e9riode du 1er avril 2023 au 30 juin 2023<\/a><\/strong><\/span><\/li>\n<li><span style=\"text-decoration: underline;\"><strong><a href=\"\/fr\/wp-content\/uploads\/sites\/3\/January-1-2023-March-31-2023-Expense-Report-Disclosure_FR.pdf\">D\u00e9penses de Tribunal ontarien de l\u2019am\u00e9nagement du territoire : pour la p\u00e9riode du 1er janvier 2023 au 31 mars 2023<\/a><\/strong><\/span><\/li>\n<li><span style=\"text-decoration: underline;\"><strong><a href=\"https:\/\/olt.gov.on.ca\/fr\/wp-content\/uploads\/sites\/3\/2023\/02\/3.-Oct-1-2022-DEC-31-2022-Expense-Report-Disclosure-FR-1.pdf\">D\u00e9penses de Tribunal ontarien de l\u2019am\u00e9nagement du territoire : pour la p\u00e9riode du 1er octobre 2022 au 31 d\u00e9cembre 2022<\/a><\/strong><\/span><\/li>\n<li><span style=\"text-decoration: underline;\"><strong><a href=\"https:\/\/olt.gov.on.ca\/fr\/wp-content\/uploads\/sites\/3\/2023\/02\/July1-2022-September-30-2022-Expense-Report-Disclosure-FR-1.pdf\">D\u00e9penses de Tribunal ontarien de l\u2019am\u00e9nagement du territoire : pour la p\u00e9riode du 1er juillet 2022 au 30 septembre 2022<\/a><\/strong><\/span><\/li>\n<li><span style=\"text-decoration: underline;\"><strong><a href=\"https:\/\/olt.gov.on.ca\/fr\/wp-content\/uploads\/sites\/3\/2023\/02\/April-1-2022-June-30-2022-Expense-Report-Disclosure-FR-1.pdf\">D\u00e9penses de Tribunal ontarien de l\u2019am\u00e9nagement du territoire : pour la p\u00e9riode du 1er avril 2022 au 30 juin 2022<\/a><\/strong><\/span><\/li>\n<li><span style=\"text-decoration: underline;\"><strong><a href=\"https:\/\/olt.gov.on.ca\/fr\/wp-content\/uploads\/sites\/3\/2023\/02\/January-2022-March-2022-Expense-Report-Disclosure-FR.pdf\">D\u00e9penses de Tribunal ontarien de l\u2019am\u00e9nagement du territoire : pour la p\u00e9riode du 1er janvier 2022 au 31 mars 2022<\/a><\/strong><\/span><\/li>\n<li><span style=\"text-decoration: underline;\"><strong><a href=\"https:\/\/olt.gov.on.ca\/fr\/wp-content\/uploads\/sites\/3\/2023\/02\/OLT-Expense-Report-Disclosure-Oct-Dec-2021-FR.pdf\">D\u00e9penses de Tribunal ontarien de l\u2019am\u00e9nagement du territoire : pour la p\u00e9riode du 1er octobre 2021 au 31 d\u00e9cembre 2021<\/a><\/strong><\/span><\/li>\n<li><span style=\"text-decoration: underline;\"><strong><a href=\"https:\/\/olt.gov.on.ca\/fr\/wp-content\/uploads\/sites\/3\/2023\/02\/OLT-Expense-Report-Disclosure-Jul-Sep-2021-FR.pdf\">D\u00e9penses de Tribunal ontarien de l\u2019am\u00e9nagement du territoire : pour la p\u00e9riode du 1er juillet 2021 au 30 septembre 2021<\/a><\/strong><\/span><\/li>\n<li><span style=\"text-decoration: underline;\"><strong><a href=\"https:\/\/olt.gov.on.ca\/fr\/wp-content\/uploads\/sites\/3\/2023\/02\/APR-JUN-2021-Expense-Report-Disclosure-FR.pdf\">D\u00e9penses de Tribunal ontarien de l\u2019am\u00e9nagement du territoire : pour la p\u00e9riode du 1er avril 2021 au 30 juin 2021<\/a><\/strong><\/span><\/li>\n<li><span style=\"text-decoration: underline;\"><strong><a href=\"https:\/\/olt.gov.on.ca\/fr\/wp-content\/uploads\/sites\/3\/2023\/02\/Expense-Report-Disclosure-JAN-MARCH-2021-Final-French.pdf\">D\u00e9penses de Tribunaux de l\u2019am\u00e9nagement du territoire Ontario : pour la p\u00e9riode du 1er janvier 2021 au 31 mars 2021<\/a><\/strong><\/span><\/li>\n<\/ul>\n<\/li>\n<\/ul>\n","protected":false},"excerpt":{"rendered":"<p>Le gouvernement a mis en place diverses mesures d\u2019imputabilit\u00e9 afin de consolider son engagement \u00e0 instaurer un gouvernement ouvert en encourageant une plus grande transparence des organismes r\u00e9pertori\u00e9s. Les renseignements sur les d\u00e9penses doivent \u00eatre publi\u00e9es sur le site internet du Tribunal ontarien de l\u2019am\u00e9nagement du territoire (TOAT). Renseignements sur les d\u00e9penses La divulgation de [&hellip;]<\/p>\n","protected":false},"author":5,"featured_media":0,"parent":0,"menu_order":0,"comment_status":"closed","ping_status":"closed","template":"templates\/template-full-width.php","meta":{"footnotes":"","_links_to":"","_links_to_target":""},"class_list":["post-1088","page","type-page","status-publish","hentry"],"acf":[],"_links":{"self":[{"href":"https:\/\/olt.gov.on.ca\/fr\/wp-json\/wp\/v2\/pages\/1088","targetHints":{"allow":["GET"]}}],"collection":[{"href":"https:\/\/olt.gov.on.ca\/fr\/wp-json\/wp\/v2\/pages"}],"about":[{"href":"https:\/\/olt.gov.on.ca\/fr\/wp-json\/wp\/v2\/types\/page"}],"author":[{"embeddable":true,"href":"https:\/\/olt.gov.on.ca\/fr\/wp-json\/wp\/v2\/users\/5"}],"replies":[{"embeddable":true,"href":"https:\/\/olt.gov.on.ca\/fr\/wp-json\/wp\/v2\/comments?post=1088"}],"version-history":[{"count":23,"href":"https:\/\/olt.gov.on.ca\/fr\/wp-json\/wp\/v2\/pages\/1088\/revisions"}],"predecessor-version":[{"id":3464,"href":"https:\/\/olt.gov.on.ca\/fr\/wp-json\/wp\/v2\/pages\/1088\/revisions\/3464"}],"wp:attachment":[{"href":"https:\/\/olt.gov.on.ca\/fr\/wp-json\/wp\/v2\/media?parent=1088"}],"curies":[{"name":"wp","href":"https:\/\/api.w.org\/{rel}","templated":true}]}}